{"id":2342,"date":"2017-06-12T08:00:53","date_gmt":"2017-06-12T05:00:53","guid":{"rendered":"http:\/\/ilkerenergy.com\/en\/?page_id=2342"},"modified":"2017-06-12T08:00:53","modified_gmt":"2017-06-12T05:00:53","slug":"job-application","status":"publish","type":"page","link":"https:\/\/ilkerenergy.com\/en\/job-application\/","title":{"rendered":"Job Application"},"content":{"rendered":"<div role=\"form\" class=\"wpcf7\" id=\"wpcf7-f2254-o1\" lang=\"tr-TR\" dir=\"ltr\">\n<div class=\"screen-reader-response\"><p role=\"status\" aria-live=\"polite\" aria-atomic=\"true\"><\/p> <ul><\/ul><\/div>\n<form action=\"\/en\/wp-json\/wp\/v2\/pages\/2342#wpcf7-f2254-o1\" method=\"post\" class=\"wpcf7-form init\" enctype=\"multipart\/form-data\" novalidate=\"novalidate\" data-status=\"init\">\n<div style=\"display: none;\">\n<input type=\"hidden\" name=\"_wpcf7\" value=\"2254\" \/>\n<input type=\"hidden\" name=\"_wpcf7_version\" value=\"5.5.5\" \/>\n<input type=\"hidden\" name=\"_wpcf7_locale\" value=\"tr_TR\" \/>\n<input type=\"hidden\" name=\"_wpcf7_unit_tag\" value=\"wpcf7-f2254-o1\" \/>\n<input type=\"hidden\" name=\"_wpcf7_container_post\" value=\"0\" \/>\n<input type=\"hidden\" name=\"_wpcf7_posted_data_hash\" value=\"\" \/>\n<input type=\"hidden\" name=\"_wpcf7_recaptcha_response\" value=\"\" \/>\n<\/div>\n<div class=\"row\">\n<div class=\"col-md-6\">\n  <!-- Ki\u015fisel bilgiler --><\/p>\n<h4><b>Ki\u015fisel bilgiler<\/b><\/h4>\n<div class=\"form-group\">\n       <label>Ad\u0131n\u0131z Soyad\u0131nz : <\/label><br \/>\n       <span class=\"wpcf7-form-control-wrap ad\"><input type=\"text\" name=\"ad\" value=\"\" size=\"40\" class=\"wpcf7-form-control wpcf7-text wpcf7-validates-as-required form-control\" aria-required=\"true\" aria-invalid=\"false\" \/><\/span>\n  <\/div>\n<div class=\"form-group\">\n       <label>Do\u011fum Tarihi : <\/label><br \/>\n        <span class=\"wpcf7-form-control-wrap dogum_tarihi\"><input type=\"text\" name=\"dogum_tarihi\" value=\"\" size=\"40\" class=\"wpcf7-form-control wpcf7-date form-control\" \/> <\/span>\n  <\/div>\n<div class=\"form-group\">\n       <label>Do\u011fum Yeri : <\/label><br \/>\n       <span class=\"wpcf7-form-control-wrap dogum_yeri\"><input type=\"text\" name=\"dogum_yeri\" value=\"\" size=\"40\" class=\"wpcf7-form-control wpcf7-text wpcf7-validates-as-required form-control\" aria-required=\"true\" aria-invalid=\"false\" \/><\/span>\n  <\/div>\n<div class=\"form-group\">\n       <label>Cinsiyet : <\/label><br \/>\n        <span class=\"wpcf7-form-control-wrap cinsiyet\"><span class=\"wpcf7-form-control wpcf7-radio\"><span class=\"wpcf7-list-item first\"><input type=\"radio\" name=\"cinsiyet\" value=\"Erkek\" \/><span class=\"wpcf7-list-item-label\">Erkek<\/span><\/span><span class=\"wpcf7-list-item last\"><input type=\"radio\" name=\"cinsiyet\" value=\"Kad\u0131n\" \/><span class=\"wpcf7-list-item-label\">Kad\u0131n<\/span><\/span><\/span><\/span><br \/>\n         <label>Medeni durum: <\/label><br \/>\n       <span class=\"wpcf7-form-control-wrap medeni\"><span class=\"wpcf7-form-control wpcf7-radio\"><span class=\"wpcf7-list-item first\"><input type=\"radio\" name=\"medeni\" value=\"Evli\" \/><span class=\"wpcf7-list-item-label\">Evli<\/span><\/span><span class=\"wpcf7-list-item last\"><input type=\"radio\" name=\"medeni\" value=\"Bekar\" \/><span class=\"wpcf7-list-item-label\">Bekar<\/span><\/span><\/span><\/span>\n  <\/div>\n<div class=\"form-group\">\n<\/div>\n<div class=\"form-group\">\n       <label>Cep Telefonu: <\/label><br \/>\n       <span class=\"wpcf7-form-control-wrap tel\"><input type=\"tel\" name=\"tel\" value=\"\" size=\"40\" maxlength=\"11\" class=\"wpcf7-form-control wpcf7-text wpcf7-tel wpcf7-validates-as-required wpcf7-validates-as-tel form-control\" aria-required=\"true\" aria-invalid=\"false\" \/><\/span>\n  <\/div>\n<div class=\"form-group\">\n       <label>E-mail : <\/label><br \/>\n       <span class=\"wpcf7-form-control-wrap email\"><input type=\"email\" name=\"email\" value=\"\" size=\"40\" class=\"wpcf7-form-control wpcf7-text wpcf7-email wpcf7-validates-as-required wpcf7-validates-as-email form-control\" aria-required=\"true\" aria-invalid=\"false\" \/><\/span>\n  <\/div>\n<div class=\"form-group\">\n       <label>Askerlik Durumu <\/label><br \/>\n       <span class=\"wpcf7-form-control-wrap askerlik\"><span class=\"wpcf7-form-control wpcf7-radio\"><span class=\"wpcf7-list-item first\"><input type=\"radio\" name=\"askerlik\" value=\"Yap\u0131ld\u0131\" \/><span class=\"wpcf7-list-item-label\">Yap\u0131ld\u0131<\/span><\/span><span class=\"wpcf7-list-item\"><input type=\"radio\" name=\"askerlik\" value=\"Muaf\" \/><span class=\"wpcf7-list-item-label\">Muaf<\/span><\/span><span class=\"wpcf7-list-item last\"><input type=\"radio\" name=\"askerlik\" value=\"Tecilli\" \/><span class=\"wpcf7-list-item-label\">Tecilli<\/span><\/span><\/span><\/span>\n  <\/div>\n<div class=\"form-group\">\n       <label>Adres : <\/label><br \/>\n       <span class=\"wpcf7-form-control-wrap adres\"><input type=\"text\" name=\"adres\" value=\"\" size=\"40\" class=\"wpcf7-form-control wpcf7-text wpcf7-validates-as-required form-control\" aria-required=\"true\" aria-invalid=\"false\" \/><\/span>\n  <\/div>\n<p>  <!-- cal\u0131st\u0131g\u0131 yerl--><\/p>\n<h4><b>\u0130\u015e TECR\u00dcBELER\u0130N\u0130Z <\/b>(L\u00fctfen son i\u015f tecr\u00fcbesi ba\u015fta olmak \u00fczere belirtiniz)<\/h4>\n<table>\n<tr>\n<td>\u00c7al\u0131st\u0131g\u0131 yerler<\/td>\n<td>Baslang\u0131c tarihi<\/td>\n<td>Biti\u015f tarhi<\/td>\n<\/tr>\n<tr>\n<td><label><\/label><span class=\"wpcf7-form-control-wrap yer1\"><input type=\"text\" name=\"yer1\" value=\"\" size=\"40\" class=\"wpcf7-form-control wpcf7-text form-control\" aria-invalid=\"false\" \/><\/span><\/td>\n<td><label><\/label><span class=\"wpcf7-form-control-wrap bas1\"><input type=\"text\" name=\"bas1\" value=\"\" size=\"40\" class=\"wpcf7-form-control wpcf7-date form-control\" \/> <\/span><\/td>\n<td><label><\/label><span class=\"wpcf7-form-control-wrap bitis1\"><input type=\"text\" name=\"bitis1\" value=\"\" size=\"40\" class=\"wpcf7-form-control wpcf7-date form-control\" \/> <\/span><\/td>\n<\/tr>\n<tr>\n<td><label><\/label><span class=\"wpcf7-form-control-wrap yer2\"><input type=\"text\" name=\"yer2\" value=\"\" size=\"40\" class=\"wpcf7-form-control wpcf7-text form-control\" aria-invalid=\"false\" \/><\/span><\/td>\n<td><label><\/label><span class=\"wpcf7-form-control-wrap bas2\"><input type=\"text\" name=\"bas2\" value=\"\" size=\"40\" class=\"wpcf7-form-control wpcf7-date form-control\" \/> <\/span><\/td>\n<td><label><\/label><span class=\"wpcf7-form-control-wrap bitis2\"><input type=\"text\" name=\"bitis2\" value=\"\" size=\"40\" class=\"wpcf7-form-control wpcf7-date form-control\" \/> <\/span><\/td>\n<\/tr>\n<tr>\n<td><label><\/label><span class=\"wpcf7-form-control-wrap yer3\"><input type=\"text\" name=\"yer3\" value=\"\" size=\"40\" class=\"wpcf7-form-control wpcf7-text form-control\" aria-invalid=\"false\" \/><\/span><\/td>\n<td><label><\/label><span class=\"wpcf7-form-control-wrap bas3\"><input type=\"text\" name=\"bas3\" value=\"\" size=\"40\" class=\"wpcf7-form-control wpcf7-date form-control\" \/> <\/span><\/td>\n<td><label><\/label><span class=\"wpcf7-form-control-wrap bitis3\"><input type=\"text\" name=\"bitis3\" value=\"\" size=\"40\" class=\"wpcf7-form-control wpcf7-date form-control\" \/> <\/span><\/td>\n<\/tr>\n<\/table>\n<p>  <!-- Referanslar --><\/p>\n<h4><b>Referanslar<\/b><\/h4>\n<table>\n<tr>\n<td>Ad\u0131 Soyad\u0131<\/td>\n<td>Telefon<\/td>\n<td>\u00c7al\u0131\u015ft\u0131g\u0131 kurum Soyad\u0131<\/td>\n<\/tr>\n<tr>\n<td><label><\/label><span class=\"wpcf7-form-control-wrap ref_ad1\"><input type=\"text\" name=\"ref_ad1\" value=\"\" size=\"40\" class=\"wpcf7-form-control wpcf7-text form-control\" aria-invalid=\"false\" \/><\/span><\/td>\n<td><label><\/label><span class=\"wpcf7-form-control-wrap ref_tel1\"><input type=\"tel\" name=\"ref_tel1\" value=\"\" size=\"40\" maxlength=\"11\" class=\"wpcf7-form-control wpcf7-text wpcf7-tel wpcf7-validates-as-tel form-control\" aria-invalid=\"false\" \/><\/span><\/td>\n<td><label><\/label><span class=\"wpcf7-form-control-wrap ref_kurum1\"><input type=\"text\" name=\"ref_kurum1\" value=\"\" size=\"40\" class=\"wpcf7-form-control wpcf7-text form-control\" aria-invalid=\"false\" \/><\/span><\/td>\n<\/tr>\n<tr>\n<td><label><\/label><span class=\"wpcf7-form-control-wrap ref_ad2\"><input type=\"text\" name=\"ref_ad2\" value=\"\" size=\"40\" class=\"wpcf7-form-control wpcf7-text form-control\" aria-invalid=\"false\" \/><\/span><\/td>\n<td><label><\/label><span class=\"wpcf7-form-control-wrap ref_tel2\"><input type=\"tel\" name=\"ref_tel2\" value=\"\" size=\"40\" maxlength=\"11\" class=\"wpcf7-form-control wpcf7-text wpcf7-tel wpcf7-validates-as-tel form-control\" aria-invalid=\"false\" \/><\/span><\/td>\n<td><label><\/label><span class=\"wpcf7-form-control-wrap ref_kurum2\"><input type=\"text\" name=\"ref_kurum2\" value=\"\" size=\"40\" class=\"wpcf7-form-control wpcf7-text form-control\" aria-invalid=\"false\" \/><\/span><\/td>\n<\/tr>\n<tr>\n<td><label><\/label><span class=\"wpcf7-form-control-wrap ref_ad3\"><input type=\"text\" name=\"ref_ad3\" value=\"\" size=\"40\" class=\"wpcf7-form-control wpcf7-text form-control\" aria-invalid=\"false\" \/><\/span><\/td>\n<td><label><\/label><span class=\"wpcf7-form-control-wrap ref_tel3\"><input type=\"tel\" name=\"ref_tel3\" value=\"\" size=\"40\" maxlength=\"11\" class=\"wpcf7-form-control wpcf7-text wpcf7-tel wpcf7-validates-as-tel form-control\" aria-invalid=\"false\" \/><\/span><\/td>\n<td><label><\/label><span class=\"wpcf7-form-control-wrap ref_kurum3\"><input type=\"text\" name=\"ref_kurum3\" value=\"\" size=\"40\" class=\"wpcf7-form-control wpcf7-text form-control\" aria-invalid=\"false\" \/><\/span><\/td>\n<\/tr>\n<\/table>\n<\/div>\n<div class=\"col-md-6\">\n  <!-- Fiziksel bilgiler --><\/p>\n<h4><b>Fiziksel Bilgiler<\/b><\/h4>\n<div class=\"form-group\">\n     <label>Herhangi bir bedensel \u00f6zr\u00fcn\u00fcz var m\u0131? <\/label><br \/>\n     <span class=\"wpcf7-form-control-wrap fizik\"><input type=\"text\" name=\"fizik\" value=\"\" size=\"40\" class=\"wpcf7-form-control wpcf7-text wpcf7-validates-as-required form-control\" aria-required=\"true\" aria-invalid=\"false\" \/><\/span>\n  <\/div>\n<p> <!-- Egitim bilgiler --><\/p>\n<h4><b>E\u011fitim Bilgileri<\/b><\/h4>\n<div class=\"form-group\">\n     <label>En son bitirdi\u011fi okul<\/label><br \/>\n     <span class=\"wpcf7-form-control-wrap okul\"><input type=\"text\" name=\"okul\" value=\"\" size=\"40\" class=\"wpcf7-form-control wpcf7-text wpcf7-validates-as-required form-control\" aria-required=\"true\" aria-invalid=\"false\" \/><\/span>\n   <\/div>\n<p>  <!-- Kurslar --><\/p>\n<h4><b>Kurslar\/Bilgisayarlar (Zorunlu De\u011fil)<\/b><\/h4>\n<div class=\"form-group\">\n       <label>Kat\u0131ld\u0131\u011f\u0131n\u0131z kurs, seminer, sertifika programlar\u0131<\/label><br \/>\n       <span class=\"wpcf7-form-control-wrap kurs\"><textarea name=\"kurs\" cols=\"40\" rows=\"10\" class=\"wpcf7-form-control wpcf7-textarea form-control\" aria-invalid=\"false\"><\/textarea><\/span>\n  <\/div>\n<div class=\"form-group\">\n       <label>Bilgisayar kullan\u0131yor musunuz?<\/label><br \/>\n       <span class=\"wpcf7-form-control-wrap bilgisayar_bilgi\"><span class=\"wpcf7-form-control wpcf7-radio\"><span class=\"wpcf7-list-item first\"><input type=\"radio\" name=\"bilgisayar_bilgi\" value=\"Evet\" \/><span class=\"wpcf7-list-item-label\">Evet<\/span><\/span><span class=\"wpcf7-list-item last\"><input type=\"radio\" name=\"bilgisayar_bilgi\" value=\"Hay\u0131r\" \/><span class=\"wpcf7-list-item-label\">Hay\u0131r<\/span><\/span><\/span><\/span>\n  <\/div>\n<div class=\"form-group\">\n       <label>Kulland\u0131\u011f\u0131n\u0131z Programlar ?<\/label><br \/>\n        <span class=\"wpcf7-form-control-wrap program\"><textarea name=\"program\" cols=\"40\" rows=\"10\" class=\"wpcf7-form-control wpcf7-textarea form-control\" aria-invalid=\"false\"><\/textarea><\/span>\n  <\/div>\n<p>    <!-- Di\u011fer bilgiler --><\/p>\n<h4><b>Di\u011fer bilgiler<\/b><\/h4>\n<div class=\"form-group\">\n        <label>Seyahat etmeye engel bir durumunuz var m\u0131?<\/label><br \/>\n         <span class=\"wpcf7-form-control-wrap seyehat\"><span class=\"wpcf7-form-control wpcf7-radio\"><span class=\"wpcf7-list-item first\"><input type=\"radio\" name=\"seyehat\" value=\"Evet\" \/><span class=\"wpcf7-list-item-label\">Evet<\/span><\/span><span class=\"wpcf7-list-item last\"><input type=\"radio\" name=\"seyehat\" value=\"Hay\u0131r\" \/><span class=\"wpcf7-list-item-label\">Hay\u0131r<\/span><\/span><\/span><\/span>\n      <\/div>\n<div class=\"form-group\">\n         <label>S\u00fcr\u00fcc\u00fc ehliyetiniz varsa s\u0131n\u0131f\u0131<\/label><br \/>\n         <span class=\"wpcf7-form-control-wrap ehliyet\"><input type=\"text\" name=\"ehliyet\" value=\"\" size=\"40\" class=\"wpcf7-form-control wpcf7-text form-control\" aria-invalid=\"false\" \/><\/span>\n     <\/div>\n<div class=\"form-group\">\n         <label>Cv'nizi y\u00fckleyiniz<\/label><br \/>\n         <span class=\"wpcf7-form-control-wrap cv\"><input type=\"file\" name=\"cv\" size=\"40\" class=\"wpcf7-form-control wpcf7-file\" accept=\".docx,.pff\" aria-invalid=\"false\" \/><\/span>\n    <\/div>\n<div class=\"form-group\">\n        <input type=\"submit\" value=\"Send\" class=\"wpcf7-form-control has-spinner wpcf7-submit\" \/>\n  <\/div>\n<\/div>\n<\/div>\n<div class=\"wpcf7-response-output\" aria-hidden=\"true\"><\/div><\/form><\/div>\n","protected":false},"excerpt":{"rendered":"Ki\u015fisel bilgiler Ad\u0131n\u0131z Soyad\u0131nz : Do\u011fum Tarihi : Do\u011fum Yeri : Cinsiyet : ErkekKad\u0131n Medeni durum: EvliBekar Cep Telefonu: E-mail : Askerlik Durumu Yap\u0131ld\u0131MuafTecilli Adres : \u0130\u015e TECR\u00dcBELER\u0130N\u0130Z (L\u00fctfen son i\u015f tecr\u00fcbesi ba\u015fta olmak \u00fczere belirtiniz) \u00c7al\u0131st\u0131g\u0131 yerler Baslang\u0131c tarihi Biti\u015f tarhi Referanslar Ad\u0131 Soyad\u0131 Telefon \u00c7al\u0131\u015ft\u0131g\u0131 kurum Soyad\u0131 Fiziksel Bilgiler Herhangi bir bedensel \u00f6zr\u00fcn\u00fcz var m\u0131? E\u011fitim Bilgileri En son bitirdi\u011fi okul Kurslar\/Bilgisayarlar (Zorunlu De\u011fil) Kat\u0131ld\u0131\u011f\u0131n\u0131z kurs, seminer, sertifika programlar\u0131 Bilgisayar kullan\u0131yor musunuz? EvetHay\u0131r Kulland\u0131\u011f\u0131n\u0131z Programlar ? Di\u011fer bilgiler Seyahat etmeye engel bir durumunuz var m\u0131? EvetHay\u0131r S\u00fcr\u00fcc\u00fc ehliyetiniz [...]","protected":false},"author":1,"featured_media":0,"parent":0,"menu_order":0,"comment_status":"closed","ping_status":"closed","template":"","meta":{"_links_to":"","_links_to_target":""},"_links":{"self":[{"href":"https:\/\/ilkerenergy.com\/en\/wp-json\/wp\/v2\/pages\/2342"}],"collection":[{"href":"https:\/\/ilkerenergy.com\/en\/wp-json\/wp\/v2\/pages"}],"about":[{"href":"https:\/\/ilkerenergy.com\/en\/wp-json\/wp\/v2\/types\/page"}],"author":[{"embeddable":true,"href":"https:\/\/ilkerenergy.com\/en\/wp-json\/wp\/v2\/users\/1"}],"replies":[{"embeddable":true,"href":"https:\/\/ilkerenergy.com\/en\/wp-json\/wp\/v2\/comments?post=2342"}],"version-history":[{"count":1,"href":"https:\/\/ilkerenergy.com\/en\/wp-json\/wp\/v2\/pages\/2342\/revisions"}],"predecessor-version":[{"id":2343,"href":"https:\/\/ilkerenergy.com\/en\/wp-json\/wp\/v2\/pages\/2342\/revisions\/2343"}],"wp:attachment":[{"href":"https:\/\/ilkerenergy.com\/en\/wp-json\/wp\/v2\/media?parent=2342"}],"curies":[{"name":"wp","href":"https:\/\/api.w.org\/{rel}","templated":true}]}}