{"id":2340,"date":"2017-06-12T07:59:58","date_gmt":"2017-06-12T04:59:58","guid":{"rendered":"http:\/\/ilkerenergy.com\/en\/?page_id=2340"},"modified":"2018-01-11T14:48:37","modified_gmt":"2018-01-11T11:48:37","slug":"actual-projects","status":"publish","type":"page","link":"https:\/\/ilkerenergy.com\/en\/actual-projects\/","title":{"rendered":"Our Referans"},"content":{"rendered":"<table width=\"1200\">\n<tbody>\n<tr>\n<td><img loading=\"lazy\" class=\"aligncenter wp-image-3968\" src=\"http:\/\/ilkerenergy.com\/wp-content\/uploads\/e\u00fca\u015f.png\" alt=\"\" width=\"120\" height=\"120\" \/><\/td>\n<td><img loading=\"lazy\" class=\"aligncenter wp-image-3968\" src=\"http:\/\/ilkerenergy.com\/wp-content\/uploads\/e\u00fca\u015f.png\" alt=\"\" width=\"120\" height=\"120\" \/><\/td>\n<td><img loading=\"lazy\" class=\"wp-image-3972 aligncenter\" src=\"http:\/\/ilkerenergy.com\/wp-content\/uploads\/ENERJISA-logo-1.jpg\" alt=\"\" width=\"288\" height=\"60\" \/><\/td>\n<td><img loading=\"lazy\" class=\"aligncenter wp-image-3974\" src=\"http:\/\/ilkerenergy.com\/wp-content\/uploads\/M035156.jpg\" alt=\"\" width=\"120\" height=\"120\" \/><\/td>\n<\/tr>\n<tr>\n<td style=\"text-align: center;\">E\u00fca\u015f Af\u015fin Elbistan A Termik Santrali<\/td>\n<td style=\"text-align: center;\">E\u00fca\u015f Af\u015fin Elbistan B Termik Santrali<\/td>\n<td style=\"text-align: center;\">Tufanbeyli Termik Santrali<\/td>\n<td style=\"text-align: center;\">E\u00fca\u015f 18 Mart \u00c7an Termik Santrali<\/td>\n<\/tr>\n<tr>\n<td><\/td>\n<td><\/td>\n<td><\/td>\n<td><\/td>\n<\/tr>\n<tr>\n<td><img loading=\"lazy\" class=\"wp-image-3950 aligncenter\" src=\"http:\/\/ilkerenergy.com\/wp-content\/uploads\/360567.jpg\" alt=\"\" width=\"203\" height=\"130\" \/><\/td>\n<td><img loading=\"lazy\" class=\"wp-image-3956 aligncenter\" src=\"http:\/\/ilkerenergy.com\/wp-content\/uploads\/1403264531-celikler-seyitomer.png\" alt=\"\" width=\"131\" height=\"120\" \/><\/td>\n<td><img loading=\"lazy\" class=\"aligncenter wp-image-3958\" src=\"http:\/\/ilkerenergy.com\/wp-content\/uploads\/1447430545-celikler-orhaneli-tuncbilek-elektrik-uretim-as.jpg\" alt=\"\" width=\"120\" height=\"120\" \/><\/td>\n<td><img loading=\"lazy\" class=\"size-full wp-image-4067 aligncenter\" src=\"http:\/\/ilkerenergy.com\/wp-content\/uploads\/anasayfa_02.png\" alt=\"\" width=\"211\" height=\"78\" \/><\/td>\n<\/tr>\n<tr>\n<td style=\"text-align: center;\">Oda\u015f \u00c7an2 Termik Santrali<\/td>\n<td style=\"text-align: center;\">Seyit\u00f6mer Termik Santrali<\/td>\n<td style=\"text-align: center;\">Orhaneli Tun\u00e7bilek Termik Santrali<\/td>\n<td style=\"text-align: center;\">Sivas Kangal Termik Santrali<\/td>\n<\/tr>\n<tr>\n<td><\/td>\n<td><\/td>\n<td><\/td>\n<td><\/td>\n<\/tr>\n<tr>\n<td><img loading=\"lazy\" class=\"wp-image-3952 aligncenter\" src=\"http:\/\/ilkerenergy.com\/wp-content\/uploads\/1269836_320x180.jpg\" alt=\"\" width=\"213\" height=\"120\" \/><\/td>\n<td><img loading=\"lazy\" class=\"wp-image-3970 aligncenter\" src=\"http:\/\/ilkerenergy.com\/wp-content\/uploads\/isken.jpg\" alt=\"\" width=\"240\" height=\"120\" \/><\/td>\n<td><img loading=\"lazy\" class=\"wp-image-3966 aligncenter\" src=\"http:\/\/ilkerenergy.com\/wp-content\/uploads\/eren-enerji.jpg\" alt=\"\" width=\"165\" height=\"120\" \/><\/td>\n<td><img loading=\"lazy\" class=\"aligncenter wp-image-3962\" src=\"http:\/\/ilkerenergy.com\/wp-content\/uploads\/diiler_holding.jpg\" alt=\"\" width=\"172\" height=\"120\" \/><\/td>\n<\/tr>\n<tr>\n<td style=\"text-align: center;\">\u00c7ay\u0131rhan Termik Santrali<\/td>\n<td style=\"text-align: center;\">\u0130sken<\/td>\n<td style=\"text-align: center;\">Eren Enerji<\/td>\n<td style=\"text-align: center;\">Atlas Termik Santrali<\/td>\n<\/tr>\n<tr>\n<td><\/td>\n<td><\/td>\n<td><\/td>\n<td><\/td>\n<\/tr>\n<tr>\n<td><img loading=\"lazy\" class=\"aligncenter wp-image-3948\" src=\"http:\/\/ilkerenergy.com\/wp-content\/uploads\/350.jpg\" alt=\"\" width=\"169\" height=\"120\" \/><\/td>\n<td><img loading=\"lazy\" class=\"aligncenter wp-image-3960\" src=\"http:\/\/ilkerenergy.com\/wp-content\/uploads\/AAEAAQAAAAAAAAxtAAAAJGI2NTY3YWM4LTY0MWItNDIwNi04NTI1LTY2NzBjMjg0MTUxMg.png\" alt=\"\" width=\"120\" height=\"120\" \/><\/td>\n<td><img loading=\"lazy\" class=\"aligncenter wp-image-3968\" src=\"http:\/\/ilkerenergy.com\/wp-content\/uploads\/e\u00fca\u015f.png\" alt=\"\" width=\"120\" height=\"120\" \/><\/td>\n<td><img loading=\"lazy\" class=\"aligncenter wp-image-3976\" src=\"http:\/\/ilkerenergy.com\/wp-content\/uploads\/brkt-enerji-logo1.png\" alt=\"\" width=\"252\" height=\"57\" \/><\/td>\n<\/tr>\n<tr>\n<td style=\"text-align: center;\">YK Enerji<\/td>\n<td style=\"text-align: center;\">\u00c7ates Termik Santrali<\/td>\n<td style=\"text-align: center;\">E\u00fca\u015f Bursa Do\u011falgaz<\/td>\n<td style=\"text-align: center;\">Yata\u011fan Termik Santrali<\/td>\n<\/tr>\n<\/tbody>\n<\/table>\n<p>&nbsp;<\/p>\n","protected":false},"excerpt":{"rendered":"<p>E\u00fca\u015f Af\u015fin Elbistan A Termik Santrali E\u00fca\u015f Af\u015fin Elbistan B Termik Santrali Tufanbeyli Termik Santrali E\u00fca\u015f 18 Mart \u00c7an Termik Santrali Oda\u015f \u00c7an2 Termik Santrali Seyit\u00f6mer Termik Santrali Orhaneli Tun\u00e7bilek Termik Santrali Sivas Kangal Termik Santrali \u00c7ay\u0131rhan Termik Santrali \u0130sken Eren Enerji Atlas Termik Santrali YK Enerji \u00c7ates Termik Santrali E\u00fca\u015f Bursa Do\u011falgaz Yata\u011fan Termik Santrali &nbsp;<\/p>\n","protected":false},"author":1,"featured_media":0,"parent":0,"menu_order":0,"comment_status":"closed","ping_status":"closed","template":"","meta":{"_links_to":"","_links_to_target":""},"_links":{"self":[{"href":"https:\/\/ilkerenergy.com\/en\/wp-json\/wp\/v2\/pages\/2340"}],"collection":[{"href":"https:\/\/ilkerenergy.com\/en\/wp-json\/wp\/v2\/pages"}],"about":[{"href":"https:\/\/ilkerenergy.com\/en\/wp-json\/wp\/v2\/types\/page"}],"author":[{"embeddable":true,"href":"https:\/\/ilkerenergy.com\/en\/wp-json\/wp\/v2\/users\/1"}],"replies":[{"embeddable":true,"href":"https:\/\/ilkerenergy.com\/en\/wp-json\/wp\/v2\/comments?post=2340"}],"version-history":[{"count":4,"href":"https:\/\/ilkerenergy.com\/en\/wp-json\/wp\/v2\/pages\/2340\/revisions"}],"predecessor-version":[{"id":4192,"href":"https:\/\/ilkerenergy.com\/en\/wp-json\/wp\/v2\/pages\/2340\/revisions\/4192"}],"wp:attachment":[{"href":"https:\/\/ilkerenergy.com\/en\/wp-json\/wp\/v2\/media?parent=2340"}],"curies":[{"name":"wp","href":"https:\/\/api.w.org\/{rel}","templated":true}]}}