{"id":2321,"date":"2017-06-12T07:54:29","date_gmt":"2017-06-12T04:54:29","guid":{"rendered":"http:\/\/ilkerenergy.com\/en\/?page_id=2321"},"modified":"2017-06-18T23:41:35","modified_gmt":"2017-06-18T20:41:35","slug":"hydrogen-cooler","status":"publish","type":"page","link":"https:\/\/ilkerenergy.com\/en\/products\/other-products\/hydrogen-cooler\/","title":{"rendered":"Hydrogen Cooler"},"content":{"rendered":"<p><img loading=\"lazy\" class=\" wp-image-2792 alignleft\" src=\"http:\/\/ilkerenergy.com\/wp-content\/uploads\/0ba4cb7.png\" alt=\"\" width=\"473\" height=\"158\" srcset=\"https:\/\/ilkerenergy.com\/wp-content\/uploads\/0ba4cb7.png 646w, https:\/\/ilkerenergy.com\/wp-content\/uploads\/0ba4cb7-300x100.png 300w\" sizes=\"(max-width: 473px) 100vw, 473px\" \/><img loading=\"lazy\" class=\" wp-image-2794 alignleft\" src=\"http:\/\/ilkerenergy.com\/wp-content\/uploads\/Ilker-LOGO-2.png\" alt=\"\" width=\"501\" height=\"158\" srcset=\"https:\/\/ilkerenergy.com\/wp-content\/uploads\/Ilker-LOGO-2.png 1229w, https:\/\/ilkerenergy.com\/wp-content\/uploads\/Ilker-LOGO-2-300x94.png 300w, https:\/\/ilkerenergy.com\/wp-content\/uploads\/Ilker-LOGO-2-768x242.png 768w, https:\/\/ilkerenergy.com\/wp-content\/uploads\/Ilker-LOGO-2-1024x322.png 1024w\" sizes=\"(max-width: 501px) 100vw, 501px\" \/><\/p>\n<p>&nbsp;<\/p>\n<h2 style=\"text-align: center;\"><\/h2>\n<h2 style=\"text-align: center;\"><span style=\"color: #ffffff;\">.<\/span><\/h2>\n<h2 style=\"text-align: center;\"><span style=\"color: #ffffff;\">.<\/span><\/h2>\n<h2 style=\"text-align: center;\"><span style=\"color: #ffffff;\">.<\/span><\/h2>\n<h2 style=\"text-align: center;\"><span style=\"color: #ffffff;\">.<\/span><\/h2>\n<h2 style=\"text-align: center;\"><span style=\"color: #ffffff;\">.<\/span><\/h2>\n<h2 style=\"text-align: center;\"><img loading=\"lazy\" class=\"alignleft wp-image-2796 size-medium\" src=\"http:\/\/ilkerenergy.com\/wp-content\/uploads\/RES1-3-225x300.png\" alt=\"\" width=\"225\" height=\"300\" srcset=\"https:\/\/ilkerenergy.com\/wp-content\/uploads\/RES1-3-225x300.png 225w, https:\/\/ilkerenergy.com\/wp-content\/uploads\/RES1-3-768x1025.png 768w, https:\/\/ilkerenergy.com\/wp-content\/uploads\/RES1-3-767x1024.png 767w, https:\/\/ilkerenergy.com\/wp-content\/uploads\/RES1-3.png 822w\" sizes=\"(max-width: 225px) 100vw, 225px\" \/><\/h2>\n<p>HYDROGEN COOLER<\/p>\n<p>Older coolers are insufficient in heat conduction because they are composed of squire coiled wire and small fin type. Sterling&#8217;s new design fits the needs of machine tool manufacturers thanks to its modern fin and coolant pipes and helps them to design high performance and efficient machines. These designs are a big help in increasing capacity. Catalog<\/p>\n<div class=\"page\" title=\"Page 1\">\n<div class=\"layoutArea\">\n<div class=\"column\">\n<p><a href=\"http:\/\/medanis.net\/ilkerenerji\/wp-content\/uploads\/HI\u0307DROJEN-SOG\u0306UTUCU.pdf\"><img loading=\"lazy\" class=\"alignleft wp-image-2798 size-medium\" src=\"http:\/\/ilkerenergy.com\/wp-content\/uploads\/Weirs-Titanium-Fire-Pump-Room-Coolers-1024x768-300x225.jpg\" alt=\"\" width=\"300\" height=\"225\" srcset=\"https:\/\/ilkerenergy.com\/wp-content\/uploads\/Weirs-Titanium-Fire-Pump-Room-Coolers-1024x768-300x225.jpg 300w, https:\/\/ilkerenergy.com\/wp-content\/uploads\/Weirs-Titanium-Fire-Pump-Room-Coolers-1024x768-768x576.jpg 768w, https:\/\/ilkerenergy.com\/wp-content\/uploads\/Weirs-Titanium-Fire-Pump-Room-Coolers-1024x768.jpg 1024w\" sizes=\"(max-width: 300px) 100vw, 300px\" \/><\/a><\/p>\n<p>&nbsp;<\/p>\n<\/div>\n<\/div>\n<\/div>\n<h3><span style=\"color: #ffffff;\">.<\/span><\/h3>\n<h3><span style=\"color: #ffffff;\">.<\/span><\/h3>\n<h3><span style=\"color: #ffffff;\">.<\/span><\/h3>\n<h3><span style=\"color: #ffffff;\">.<\/span><\/h3>\n<h3><span style=\"color: #ffffff;\">.<\/span><\/h3>\n<h3><span style=\"color: #ffffff;\">.<\/span><\/h3>\n<h3><span style=\"color: #ffffff;\">.<\/span><\/h3>\n<h3><span style=\"color: #ffffff;\">.<\/span><\/h3>\n<h3 style=\"text-align: center;\"><span style=\"color: #333399;\">ISI TRANSFER TEKNEOLOJ\u0130S\u0130NDEK\u0130 YEN\u0130L\u0130K<\/span><\/h3>\n<p><img loading=\"lazy\" class=\"alignleft wp-image-2813 size-medium\" src=\"http:\/\/ilkerenergy.com\/wp-content\/uploads\/SHELLTUBE-3-1024x768-300x225.jpg\" alt=\"\" width=\"300\" height=\"225\" srcset=\"https:\/\/ilkerenergy.com\/wp-content\/uploads\/SHELLTUBE-3-1024x768-300x225.jpg 300w, https:\/\/ilkerenergy.com\/wp-content\/uploads\/SHELLTUBE-3-1024x768-768x576.jpg 768w, https:\/\/ilkerenergy.com\/wp-content\/uploads\/SHELLTUBE-3-1024x768.jpg 1024w\" sizes=\"(max-width: 300px) 100vw, 300px\" \/><img loading=\"lazy\" class=\"alignleft wp-image-2815 size-medium\" src=\"http:\/\/ilkerenergy.com\/wp-content\/uploads\/SHELLTUBE-5-1024x768-300x225.jpg\" alt=\"\" width=\"300\" height=\"225\" srcset=\"https:\/\/ilkerenergy.com\/wp-content\/uploads\/SHELLTUBE-5-1024x768-300x225.jpg 300w, https:\/\/ilkerenergy.com\/wp-content\/uploads\/SHELLTUBE-5-1024x768-768x576.jpg 768w, https:\/\/ilkerenergy.com\/wp-content\/uploads\/SHELLTUBE-5-1024x768.jpg 1024w\" sizes=\"(max-width: 300px) 100vw, 300px\" \/><img loading=\"lazy\" class=\"alignleft wp-image-2817 size-medium\" src=\"http:\/\/ilkerenergy.com\/wp-content\/uploads\/TITANIUM-1-682x1024-200x300.jpg\" alt=\"\" width=\"200\" height=\"300\" srcset=\"https:\/\/ilkerenergy.com\/wp-content\/uploads\/TITANIUM-1-682x1024-200x300.jpg 200w, https:\/\/ilkerenergy.com\/wp-content\/uploads\/TITANIUM-1-682x1024.jpg 682w\" sizes=\"(max-width: 200px) 100vw, 200px\" \/><img loading=\"lazy\" class=\"alignleft wp-image-2805 size-medium\" src=\"http:\/\/ilkerenergy.com\/wp-content\/uploads\/DSCF0857-e1413801150100-225x300.jpg\" alt=\"\" width=\"225\" height=\"300\" srcset=\"https:\/\/ilkerenergy.com\/wp-content\/uploads\/DSCF0857-e1413801150100-225x300.jpg 225w, https:\/\/ilkerenergy.com\/wp-content\/uploads\/DSCF0857-e1413801150100.jpg 480w\" sizes=\"(max-width: 225px) 100vw, 225px\" \/><img loading=\"lazy\" class=\"alignleft wp-image-2807 size-medium\" src=\"http:\/\/ilkerenergy.com\/wp-content\/uploads\/onsite-300x139.jpg\" alt=\"\" width=\"300\" height=\"139\" srcset=\"https:\/\/ilkerenergy.com\/wp-content\/uploads\/onsite-300x139.jpg 300w, https:\/\/ilkerenergy.com\/wp-content\/uploads\/onsite-768x356.jpg 768w, https:\/\/ilkerenergy.com\/wp-content\/uploads\/onsite-1024x475.jpg 1024w, https:\/\/ilkerenergy.com\/wp-content\/uploads\/onsite.jpg 1079w\" sizes=\"(max-width: 300px) 100vw, 300px\" \/><br \/>\n<img loading=\"lazy\" class=\"alignleft wp-image-2811 size-medium\" src=\"http:\/\/ilkerenergy.com\/wp-content\/uploads\/Refurbishment-of-Existing-Units-300x139.jpg\" alt=\"\" width=\"300\" height=\"139\" srcset=\"https:\/\/ilkerenergy.com\/wp-content\/uploads\/Refurbishment-of-Existing-Units-300x139.jpg 300w, https:\/\/ilkerenergy.com\/wp-content\/uploads\/Refurbishment-of-Existing-Units-768x356.jpg 768w, https:\/\/ilkerenergy.com\/wp-content\/uploads\/Refurbishment-of-Existing-Units-1024x475.jpg 1024w, https:\/\/ilkerenergy.com\/wp-content\/uploads\/Refurbishment-of-Existing-Units.jpg 1079w\" sizes=\"(max-width: 300px) 100vw, 300px\" \/><\/p>\n<p><img loading=\"lazy\" class=\"alignnone size-full wp-image-2809\" src=\"http:\/\/ilkerenergy.com\/wp-content\/uploads\/powergen.jpg\" alt=\"\" width=\"1080\" height=\"145\" srcset=\"https:\/\/ilkerenergy.com\/wp-content\/uploads\/powergen.jpg 1080w, https:\/\/ilkerenergy.com\/wp-content\/uploads\/powergen-300x40.jpg 300w, https:\/\/ilkerenergy.com\/wp-content\/uploads\/powergen-768x103.jpg 768w, https:\/\/ilkerenergy.com\/wp-content\/uploads\/powergen-1024x137.jpg 1024w\" sizes=\"(max-width: 1080px) 100vw, 1080px\" \/><\/p>\n<p>&nbsp;<\/p>\n<p>&nbsp;<\/p>\n<p>&nbsp;<\/p>\n<p>&nbsp;<\/p>\n","protected":false},"excerpt":{"rendered":"<p>&nbsp; . . . . . HYDROGEN COOLER Older coolers are insufficient in heat conduction because they are composed of squire coiled wire and small fin type. Sterling&#8217;s new design fits the needs of machine tool manufacturers thanks to its modern fin and coolant pipes and helps them to design high performance and efficient machines. These designs are a big help in increasing capacity. Catalog &nbsp; . . . . . . . . ISI TRANSFER TEKNEOLOJ\u0130S\u0130NDEK\u0130 YEN\u0130L\u0130K &nbsp; &nbsp; &nbsp; &nbsp;<\/p>\n","protected":false},"author":1,"featured_media":0,"parent":2309,"menu_order":0,"comment_status":"closed","ping_status":"closed","template":"","meta":{"_links_to":"","_links_to_target":""},"_links":{"self":[{"href":"https:\/\/ilkerenergy.com\/en\/wp-json\/wp\/v2\/pages\/2321"}],"collection":[{"href":"https:\/\/ilkerenergy.com\/en\/wp-json\/wp\/v2\/pages"}],"about":[{"href":"https:\/\/ilkerenergy.com\/en\/wp-json\/wp\/v2\/types\/page"}],"author":[{"embeddable":true,"href":"https:\/\/ilkerenergy.com\/en\/wp-json\/wp\/v2\/users\/1"}],"replies":[{"embeddable":true,"href":"https:\/\/ilkerenergy.com\/en\/wp-json\/wp\/v2\/comments?post=2321"}],"version-history":[{"count":2,"href":"https:\/\/ilkerenergy.com\/en\/wp-json\/wp\/v2\/pages\/2321\/revisions"}],"predecessor-version":[{"id":2928,"href":"https:\/\/ilkerenergy.com\/en\/wp-json\/wp\/v2\/pages\/2321\/revisions\/2928"}],"up":[{"embeddable":true,"href":"https:\/\/ilkerenergy.com\/en\/wp-json\/wp\/v2\/pages\/2309"}],"wp:attachment":[{"href":"https:\/\/ilkerenergy.com\/en\/wp-json\/wp\/v2\/media?parent=2321"}],"curies":[{"name":"wp","href":"https:\/\/api.w.org\/{rel}","templated":true}]}}