{"id":2319,"date":"2017-06-12T07:54:03","date_gmt":"2017-06-12T04:54:03","guid":{"rendered":"http:\/\/ilkerenergy.com\/en\/?page_id=2319"},"modified":"2017-06-18T23:42:35","modified_gmt":"2017-06-18T20:42:35","slug":"boiler-tubes","status":"publish","type":"page","link":"https:\/\/ilkerenergy.com\/en\/products\/other-products\/boiler-tubes\/","title":{"rendered":"Boiler Tubes"},"content":{"rendered":"<div class=\"page\" title=\"Page 1\">\n<div class=\"layoutArea\">\n<div class=\"column\">\n<p><span style=\"color: #000080;\"><strong><img loading=\"lazy\" class=\"wp-image-2794 alignleft\" src=\"http:\/\/ilkerenergy.com\/wp-content\/uploads\/Ilker-LOGO-2.png\" alt=\"\" width=\"171\" height=\"54\" srcset=\"https:\/\/ilkerenergy.com\/wp-content\/uploads\/Ilker-LOGO-2.png 1229w, https:\/\/ilkerenergy.com\/wp-content\/uploads\/Ilker-LOGO-2-300x94.png 300w, https:\/\/ilkerenergy.com\/wp-content\/uploads\/Ilker-LOGO-2-768x242.png 768w, https:\/\/ilkerenergy.com\/wp-content\/uploads\/Ilker-LOGO-2-1024x322.png 1024w\" sizes=\"(max-width: 171px) 100vw, 171px\" \/><img loading=\"lazy\" class=\" wp-image-2822 alignleft\" src=\"http:\/\/ilkerenergy.com\/wp-content\/uploads\/RES1-6.png\" alt=\"\" width=\"631\" height=\"65\" srcset=\"https:\/\/ilkerenergy.com\/wp-content\/uploads\/RES1-6.png 1016w, https:\/\/ilkerenergy.com\/wp-content\/uploads\/RES1-6-300x31.png 300w, https:\/\/ilkerenergy.com\/wp-content\/uploads\/RES1-6-768x79.png 768w\" sizes=\"(max-width: 631px) 100vw, 631px\" \/><\/strong><\/span><\/p>\n<p>&nbsp;<\/p>\n<p>&nbsp;<\/p>\n<p>&nbsp;<\/p>\n<p>&nbsp;<\/p>\n<p><span style=\"color: #000080;\"><strong><img loading=\"lazy\" class=\"alignleft wp-image-2782 size-medium\" src=\"http:\/\/ilkerenergy.com\/wp-content\/uploads\/RES1-1-225x300.png\" alt=\"\" width=\"225\" height=\"300\" srcset=\"https:\/\/ilkerenergy.com\/wp-content\/uploads\/RES1-1-225x300.png 225w, https:\/\/ilkerenergy.com\/wp-content\/uploads\/RES1-1-768x1025.png 768w, https:\/\/ilkerenergy.com\/wp-content\/uploads\/RES1-1-767x1024.png 767w, https:\/\/ilkerenergy.com\/wp-content\/uploads\/RES1-1.png 822w\" sizes=\"(max-width: 225px) 100vw, 225px\" \/><\/strong><\/span><\/p>\n<p>Heat treatment<\/p>\n<p>Apost-weld heat treatment is generally not required. For compo- nents with non-homogeneous stress distribution, stress relieving at 1,000\u00b0C may be desirable. Different temperature zones in a plant often require dissimilar materials, e.g. ferritic or martensitic steels, to be joined with austenitic materials. The welding materi- als and parameters used for such dissimilar welds must be care- fully selected to match the properties of both materials. This also applies to post-weld heat treatment (if required). our stainless steels and nickel base alloys listed in this brochure all exhibit the high strength characteristics over a wide temperature range whilst providing excellent resistance to aggressive media in boilers and superheater pipes under both short-term and long-term stress. in addition, their physical properties and processing characteristics have typically helped to improve the efficiency and reliability of power stations over a long service life.<\/p>\n<p>Boiler Tubes<\/p>\n<p>Katalo\u011fu incelemek i\u00e7in t\u0131klay\u0131n\u0131z.<\/p>\n<p><span style=\"color: #000080;\"><strong>\u00a0<\/strong><\/span><\/p>\n<\/div>\n<p>&nbsp;<\/p>\n<p><img loading=\"lazy\" class=\"alignleft wp-image-2820 size-medium\" src=\"http:\/\/ilkerenergy.com\/wp-content\/uploads\/boiler-tubes-300x116.jpg\" alt=\"\" width=\"300\" height=\"116\" srcset=\"https:\/\/ilkerenergy.com\/wp-content\/uploads\/boiler-tubes-300x116.jpg 300w, https:\/\/ilkerenergy.com\/wp-content\/uploads\/boiler-tubes-768x297.jpg 768w, https:\/\/ilkerenergy.com\/wp-content\/uploads\/boiler-tubes-1024x396.jpg 1024w\" sizes=\"(max-width: 300px) 100vw, 300px\" \/><img loading=\"lazy\" class=\"alignleft wp-image-2824 size-medium\" src=\"http:\/\/ilkerenergy.com\/wp-content\/uploads\/RES2-6-300x200.jpg\" alt=\"\" width=\"300\" height=\"200\" srcset=\"https:\/\/ilkerenergy.com\/wp-content\/uploads\/RES2-6-300x200.jpg 300w, https:\/\/ilkerenergy.com\/wp-content\/uploads\/RES2-6-768x513.jpg 768w, https:\/\/ilkerenergy.com\/wp-content\/uploads\/RES2-6.jpg 956w\" sizes=\"(max-width: 300px) 100vw, 300px\" \/><\/p>\n<\/div>\n<\/div>\n","protected":false},"excerpt":{"rendered":"<p>&nbsp; &nbsp; &nbsp; &nbsp; Heat treatment Apost-weld heat treatment is generally not required. For compo- nents with non-homogeneous stress distribution, stress relieving at 1,000\u00b0C may be desirable. Different temperature zones in a plant often require dissimilar materials, e.g. ferritic or martensitic steels, to be joined with austenitic materials. The welding materi- als and parameters used for such dissimilar welds must be care- fully selected to match the properties of both materials. This also applies to post-weld heat treatment (if required). our stainless steels and nickel base alloys listed in this [&hellip;]<\/p>\n","protected":false},"author":1,"featured_media":0,"parent":2309,"menu_order":0,"comment_status":"closed","ping_status":"closed","template":"","meta":{"_links_to":"","_links_to_target":""},"_links":{"self":[{"href":"https:\/\/ilkerenergy.com\/en\/wp-json\/wp\/v2\/pages\/2319"}],"collection":[{"href":"https:\/\/ilkerenergy.com\/en\/wp-json\/wp\/v2\/pages"}],"about":[{"href":"https:\/\/ilkerenergy.com\/en\/wp-json\/wp\/v2\/types\/page"}],"author":[{"embeddable":true,"href":"https:\/\/ilkerenergy.com\/en\/wp-json\/wp\/v2\/users\/1"}],"replies":[{"embeddable":true,"href":"https:\/\/ilkerenergy.com\/en\/wp-json\/wp\/v2\/comments?post=2319"}],"version-history":[{"count":2,"href":"https:\/\/ilkerenergy.com\/en\/wp-json\/wp\/v2\/pages\/2319\/revisions"}],"predecessor-version":[{"id":2930,"href":"https:\/\/ilkerenergy.com\/en\/wp-json\/wp\/v2\/pages\/2319\/revisions\/2930"}],"up":[{"embeddable":true,"href":"https:\/\/ilkerenergy.com\/en\/wp-json\/wp\/v2\/pages\/2309"}],"wp:attachment":[{"href":"https:\/\/ilkerenergy.com\/en\/wp-json\/wp\/v2\/media?parent=2319"}],"curies":[{"name":"wp","href":"https:\/\/api.w.org\/{rel}","templated":true}]}}