{"id":2286,"date":"2017-06-12T07:45:54","date_gmt":"2017-06-12T04:45:54","guid":{"rendered":"http:\/\/ilkerenergy.com\/en\/?page_id=2286"},"modified":"2017-06-18T23:33:10","modified_gmt":"2017-06-18T20:33:10","slug":"paralel-slide-valves","status":"publish","type":"page","link":"https:\/\/ilkerenergy.com\/en\/products\/valves\/paralel-slide-valves\/","title":{"rendered":"Paralel Slide Valves"},"content":{"rendered":"<p>&nbsp;<\/p>\n<div class=\"page\" title=\"Page 1\">\n<div class=\"layoutArea\">\n<div class=\"column\">\n<p><span style=\"color: #333399;\"><strong><img loading=\"lazy\" class=\"size-full wp-image-2696 alignleft\" src=\"http:\/\/ilkerenergy.com\/wp-content\/uploads\/RES1-2.jpg\" alt=\"\" width=\"395\" height=\"315\" srcset=\"https:\/\/ilkerenergy.com\/wp-content\/uploads\/RES1-2.jpg 395w, https:\/\/ilkerenergy.com\/wp-content\/uploads\/RES1-2-300x240.jpg 300w\" sizes=\"(max-width: 395px) 100vw, 395px\" \/><\/strong><\/span><\/p>\n<p>HH Valve Limited<\/p>\n<p>HH Valves Limited is a company built on Hattersley Heaton Limited&#8217;s experience of more than 50 years of valve manufacturing experience in the oil, gas, chemical and energy manufacturing industries. HH Valves Limited was established in 2000 in Wigan City, northwest of England.<\/p>\n<p>In August 2000, the company Hattersley Heaton (Cast and Forged Steel) purchased all of its valve design spectrum and all of its intellectual property rights, including design, drawing and all model equipment and markings, to all historical data.<\/p>\n<p>Today, HH Valves Limited is the sole manufacturer of Hatsteel Heaton&#8217;s Cast Steel Gate, Globe and Check valves, as well as BS EN ISO 9001&#8217;s requirements for the low and high pressure parallel slide valve series and the European Pressure Equipment Directive 97 \/ 23 \/ EC. Our valves are used by companies that have the highest safety durability and durability in extra requirements in many parts of the world and still continue to be used in petroleum refineries, chemical and power generation facilities today. Our Wigan facilities also have fully equipped machine equipments capable of testing up to 10 tonnes and 44 inches high.<\/p>\n<p><span style=\"color: #333399;\"><strong>\u00a0<\/strong><\/span><\/p>\n<\/div>\n<\/div>\n<\/div>\n<table style=\"height: 387px;\" width=\"100%\">\n<tbody>\n<tr>\n<td>\u00a0<span style=\"color: #333399;\"><strong>D\u00fc\u015f\u00fck Bas\u0131n\u00e7l\u0131 Paralel S\u00fcrg\u00fcl\u00fc Vana \u00a0 \u00a0 \u00a0 \u00a0 \u00a0 \u00a0 \u00a0 \u00a0 \u00a0 \u00a0 \u00a0 \u00a0 \u00a0 \u00a0 \u00a0 \u00a0 \u00a0 \u00a0 \u00a0 \u00a0 \u00a0 \u00a0 \u00a0 \u00a0 \u00a0 \u00a0 \u00a0 \u00a0<\/strong><\/span><\/p>\n<p><a href=\"http:\/\/ilkerenergy.com\/wp-content\/uploads\/2-3.pdf\"><img loading=\"lazy\" class=\" wp-image-2682 alignleft\" src=\"http:\/\/ilkerenergy.com\/wp-content\/uploads\/2-4.jpg\" alt=\"\" width=\"118\" height=\"310\" srcset=\"https:\/\/ilkerenergy.com\/wp-content\/uploads\/2-4.jpg 196w, https:\/\/ilkerenergy.com\/wp-content\/uploads\/2-4-114x300.jpg 114w\" sizes=\"(max-width: 118px) 100vw, 118px\" \/><img loading=\"lazy\" class=\"alignleft wp-image-2692 size-medium\" src=\"http:\/\/ilkerenergy.com\/wp-content\/uploads\/21-212x300.png\" alt=\"\" width=\"212\" height=\"300\" srcset=\"https:\/\/ilkerenergy.com\/wp-content\/uploads\/21-212x300.png 212w, https:\/\/ilkerenergy.com\/wp-content\/uploads\/21.png 628w\" sizes=\"(max-width: 212px) 100vw, 212px\" \/><\/a><\/td>\n<td><span style=\"color: #333399;\"><strong>Large Bore Paralel S\u00fcrg\u00fcl\u00fc Vana \u00a0 \u00a0 \u00a0 \u00a0 \u00a0 \u00a0 \u00a0 \u00a0 \u00a0 \u00a0 \u00a0 \u00a0 \u00a0 \u00a0 \u00a0 \u00a0 \u00a0 \u00a0 \u00a0 \u00a0 \u00a0 \u00a0 \u00a0 \u00a0 \u00a0 \u00a0 \u00a0 \u00a0 \u00a0 \u00a0 \u00a0 \u00a0 \u00a0 \u00a0 \u00a0 \u00a0 \u00a0 \u00a0 \u00a0 \u00a0 \u00a0 \u00a0 \u00a0 \u00a0 \u00a0 \u00a0 \u00a0\u00a0<\/strong><\/span><\/p>\n<p><img loading=\"lazy\" class=\"alignleft wp-image-2694 size-medium\" src=\"http:\/\/ilkerenergy.com\/wp-content\/uploads\/LARGE-BORE-PARALEL-SU\u0308RGU\u0308LU\u0308-VANA-291x300.jpg\" alt=\"\" width=\"291\" height=\"300\" srcset=\"https:\/\/ilkerenergy.com\/wp-content\/uploads\/LARGE-BORE-PARALEL-SU\u0308RGU\u0308LU\u0308-VANA-291x300.jpg 291w, https:\/\/ilkerenergy.com\/wp-content\/uploads\/LARGE-BORE-PARALEL-SU\u0308RGU\u0308LU\u0308-VANA.jpg 495w\" sizes=\"(max-width: 291px) 100vw, 291px\" \/><img loading=\"lazy\" class=\"alignleft wp-image-2684 size-medium\" src=\"http:\/\/ilkerenergy.com\/wp-content\/uploads\/3-1-1-212x300.png\" alt=\"\" width=\"212\" height=\"300\" srcset=\"https:\/\/ilkerenergy.com\/wp-content\/uploads\/3-1-1-212x300.png 212w, https:\/\/ilkerenergy.com\/wp-content\/uploads\/3-1-1.png 627w\" sizes=\"(max-width: 212px) 100vw, 212px\" \/><\/td>\n<\/tr>\n<\/tbody>\n<\/table>\n<table style=\"height: 300px;\" width=\"727\">\n<tbody>\n<tr>\n<td><span>Small Bore Paralel Diskli Vana<\/span><\/p>\n<p><img loading=\"lazy\" class=\"alignleft wp-image-2686 size-medium\" src=\"http:\/\/ilkerenergy.com\/wp-content\/uploads\/4-6-290x300.jpg\" alt=\"\" width=\"290\" height=\"300\" srcset=\"https:\/\/ilkerenergy.com\/wp-content\/uploads\/4-6-290x300.jpg 290w, https:\/\/ilkerenergy.com\/wp-content\/uploads\/4-6.jpg 508w\" sizes=\"(max-width: 290px) 100vw, 290px\" \/><\/p>\n<p>&nbsp;<\/p>\n<p>aa<\/p>\n<p><a href=\"http:\/\/ilkerenergy.com\/wp-content\/uploads\/3-3.pdf\"><span style=\"color: #333333;\"><img loading=\"lazy\" class=\"alignleft wp-image-2688 size-medium\" src=\"http:\/\/ilkerenergy.com\/wp-content\/uploads\/4-2-1-211x300.png\" alt=\"\" width=\"211\" height=\"300\" srcset=\"https:\/\/ilkerenergy.com\/wp-content\/uploads\/4-2-1-211x300.png 211w, https:\/\/ilkerenergy.com\/wp-content\/uploads\/4-2-1.png 625w\" sizes=\"(max-width: 211px) 100vw, 211px\" \/><\/span><\/a><\/td>\n<td><img loading=\"lazy\" class=\"alignnone size-full wp-image-2690\" src=\"http:\/\/ilkerenergy.com\/wp-content\/uploads\/5-4.jpg\" alt=\"\" width=\"437\" height=\"249\" srcset=\"https:\/\/ilkerenergy.com\/wp-content\/uploads\/5-4.jpg 437w, https:\/\/ilkerenergy.com\/wp-content\/uploads\/5-4-300x171.jpg 300w\" sizes=\"(max-width: 437px) 100vw, 437px\" \/><\/td>\n<\/tr>\n<\/tbody>\n<\/table>\n","protected":false},"excerpt":{"rendered":"<p>&nbsp; HH Valve Limited HH Valves Limited is a company built on Hattersley Heaton Limited&#8217;s experience of more than 50 years of valve manufacturing experience in the oil, gas, chemical and energy manufacturing industries. HH Valves Limited was established in 2000 in Wigan City, northwest of England. In August 2000, the company Hattersley Heaton (Cast and Forged Steel) purchased all of its valve design spectrum and all of its intellectual property rights, including design, drawing and all model equipment and markings, to all historical data. Today, HH Valves Limited is [&hellip;]<\/p>\n","protected":false},"author":1,"featured_media":0,"parent":2278,"menu_order":0,"comment_status":"closed","ping_status":"closed","template":"","meta":{"_links_to":"","_links_to_target":""},"_links":{"self":[{"href":"https:\/\/ilkerenergy.com\/en\/wp-json\/wp\/v2\/pages\/2286"}],"collection":[{"href":"https:\/\/ilkerenergy.com\/en\/wp-json\/wp\/v2\/pages"}],"about":[{"href":"https:\/\/ilkerenergy.com\/en\/wp-json\/wp\/v2\/types\/page"}],"author":[{"embeddable":true,"href":"https:\/\/ilkerenergy.com\/en\/wp-json\/wp\/v2\/users\/1"}],"replies":[{"embeddable":true,"href":"https:\/\/ilkerenergy.com\/en\/wp-json\/wp\/v2\/comments?post=2286"}],"version-history":[{"count":2,"href":"https:\/\/ilkerenergy.com\/en\/wp-json\/wp\/v2\/pages\/2286\/revisions"}],"predecessor-version":[{"id":2906,"href":"https:\/\/ilkerenergy.com\/en\/wp-json\/wp\/v2\/pages\/2286\/revisions\/2906"}],"up":[{"embeddable":true,"href":"https:\/\/ilkerenergy.com\/en\/wp-json\/wp\/v2\/pages\/2278"}],"wp:attachment":[{"href":"https:\/\/ilkerenergy.com\/en\/wp-json\/wp\/v2\/media?parent=2286"}],"curies":[{"name":"wp","href":"https:\/\/api.w.org\/{rel}","templated":true}]}}