{"id":2047,"date":"2017-06-11T23:47:00","date_gmt":"2017-06-11T20:47:00","guid":{"rendered":"http:\/\/ilkerenergy.com\/en\/?page_id=2047"},"modified":"2018-11-12T13:59:29","modified_gmt":"2018-11-12T10:59:29","slug":"contact","status":"publish","type":"page","link":"https:\/\/ilkerenergy.com\/en\/contact\/","title":{"rendered":"Contact"},"content":{"rendered":"<p>[vc_row][vc_column][vc_column_text]<a href=\"https:\/\/goo.gl\/maps\/ZvJRtZCf44H2\">https:\/\/goo.gl\/maps\/ZvJRtZCf44H2<\/a>[\/vc_column_text][\/vc_column][\/vc_row][vc_row][vc_column width=&#8221;2\/3&#8243;][vc_column_text el_class=&#8221;titleBorder&#8221;]<\/p>\n<h2>CONTACT FORM<\/h2>\n<p>[\/vc_column_text]<div role=\"form\" class=\"wpcf7\" id=\"wpcf7-f94-o1\" lang=\"en-US\" dir=\"ltr\">\n<div class=\"screen-reader-response\"><p role=\"status\" aria-live=\"polite\" aria-atomic=\"true\"><\/p> <ul><\/ul><\/div>\n<form action=\"\/en\/wp-json\/wp\/v2\/pages\/2047#wpcf7-f94-o1\" method=\"post\" class=\"wpcf7-form init\" novalidate=\"novalidate\" data-status=\"init\">\n<div style=\"display: none;\">\n<input type=\"hidden\" name=\"_wpcf7\" value=\"94\" \/>\n<input type=\"hidden\" name=\"_wpcf7_version\" value=\"5.5.5\" \/>\n<input type=\"hidden\" name=\"_wpcf7_locale\" value=\"en_US\" \/>\n<input type=\"hidden\" name=\"_wpcf7_unit_tag\" value=\"wpcf7-f94-o1\" \/>\n<input type=\"hidden\" name=\"_wpcf7_container_post\" value=\"0\" \/>\n<input type=\"hidden\" name=\"_wpcf7_posted_data_hash\" value=\"\" \/>\n<input type=\"hidden\" name=\"_wpcf7_recaptcha_response\" value=\"\" \/>\n<\/div>\n<div class=\"container\">\n<div class=\"row\">\n<div class=\"col-md-6\">\n<span class=\"wpcf7-form-control-wrap Name\"><input type=\"text\" name=\"Name\" value=\"\" size=\"40\" class=\"wpcf7-form-control wpcf7-text wpcf7-validates-as-required medicom-forms\" aria-required=\"true\" aria-invalid=\"false\" placeholder=\"Name\" \/><\/span>\n<\/div>\n<div class=\"col-md-6\">\n<span class=\"wpcf7-form-control-wrap email\"><input type=\"email\" name=\"email\" value=\"\" size=\"40\" class=\"wpcf7-form-control wpcf7-text wpcf7-email wpcf7-validates-as-required wpcf7-validates-as-email medicom-forms\" aria-required=\"true\" aria-invalid=\"false\" placeholder=\"Email Address\" \/><\/span>\n<\/div>\n<\/div>\n<div class=\"row\">\n<div class=\"col-md-12\">\n<span class=\"wpcf7-form-control-wrap Subject\"><input type=\"text\" name=\"Subject\" value=\"\" size=\"40\" class=\"wpcf7-form-control wpcf7-text medicom-forms\" aria-invalid=\"false\" placeholder=\"Subject\" \/><\/span>\n<\/div>\n<\/div>\n<div class=\"row\">\n<div class=\"col-md-12\">\n<span class=\"wpcf7-form-control-wrap Message\"><textarea name=\"Message\" cols=\"40\" rows=\"8\" class=\"wpcf7-form-control wpcf7-textarea medicom-forms\" aria-invalid=\"false\" placeholder=\"Message\"><\/textarea><\/span>\n<\/div>\n<\/div>\n<div class=\"row\">\n<div class=\"col-md-6\">\n<input type=\"submit\" value=\"Submit\" class=\"wpcf7-form-control has-spinner wpcf7-submit buton b_asset buton-2 buton-mini\" \/>\n<\/div>\n<\/div>\n<\/div>\n<div class=\"wpcf7-response-output\" aria-hidden=\"true\"><\/div><\/form><\/div>[\/vc_column][vc_column width=&#8221;1\/3&#8243;][vc_column_text el_class=&#8221;titleBorder&#8221;]<\/p>\n<h2>CONTACT INFORMAT\u0130ON<\/h2>\n<p>[\/vc_column_text]<div class=\"contact-info\"><h3><\/h3><div class=\"contact-widget\"><i class=\"medicom-telephone pull-left widget-icon\"><\/i><p>0212 501 92 01 \u2013 02<\/p><i class=\"medicom-envelope pull-left widget-icon\"><\/i><p>info@ilkerlerenerji.com<\/p><i class=\"medicom-clock pull-left widget-icon\"><\/i><p>Pazartesi \u2013 Cuma: 09:30 \u2013 18:30 Cumartesi \u2013 Pazar: Kapal\u0131<\/p><i class=\"medicom-direction pull-left widget-icon\"><\/i><p>G\u00f6ztepe Mh \u0130n\u00f6n\u00fc Cd N122 Ba\u015fkule Plaza K8 D34 Ba\u011fc\u0131lar \u0130STANBUL\/T\u00dcRK\u0130YE<\/p><\/div><div class=\"social-widget\"><\/div><\/div>[\/vc_column][\/vc_row]<\/p>\n","protected":false},"excerpt":{"rendered":"<p>[vc_row][vc_column][vc_column_text]https:\/\/goo.gl\/maps\/ZvJRtZCf44H2[\/vc_column_text][\/vc_column][\/vc_row][vc_row][vc_column width=&#8221;2\/3&#8243;][vc_column_text el_class=&#8221;titleBorder&#8221;] CONTACT FORM [\/vc_column_text][\/vc_column][vc_column width=&#8221;1\/3&#8243;][vc_column_text el_class=&#8221;titleBorder&#8221;] CONTACT INFORMAT\u0130ON [\/vc_column_text][\/vc_column][\/vc_row]<\/p>\n","protected":false},"author":1,"featured_media":0,"parent":0,"menu_order":0,"comment_status":"closed","ping_status":"closed","template":"custom-template.php","meta":{"_links_to":"","_links_to_target":""},"_links":{"self":[{"href":"https:\/\/ilkerenergy.com\/en\/wp-json\/wp\/v2\/pages\/2047"}],"collection":[{"href":"https:\/\/ilkerenergy.com\/en\/wp-json\/wp\/v2\/pages"}],"about":[{"href":"https:\/\/ilkerenergy.com\/en\/wp-json\/wp\/v2\/types\/page"}],"author":[{"embeddable":true,"href":"https:\/\/ilkerenergy.com\/en\/wp-json\/wp\/v2\/users\/1"}],"replies":[{"embeddable":true,"href":"https:\/\/ilkerenergy.com\/en\/wp-json\/wp\/v2\/comments?post=2047"}],"version-history":[{"count":3,"href":"https:\/\/ilkerenergy.com\/en\/wp-json\/wp\/v2\/pages\/2047\/revisions"}],"predecessor-version":[{"id":4560,"href":"https:\/\/ilkerenergy.com\/en\/wp-json\/wp\/v2\/pages\/2047\/revisions\/4560"}],"wp:attachment":[{"href":"https:\/\/ilkerenergy.com\/en\/wp-json\/wp\/v2\/media?parent=2047"}],"curies":[{"name":"wp","href":"https:\/\/api.w.org\/{rel}","templated":true}]}}