{"id":1920,"date":"2017-06-11T23:15:54","date_gmt":"2017-06-11T20:15:54","guid":{"rendered":"http:\/\/ilkerenergy.com\/en\/?page_id=1920"},"modified":"2017-06-18T23:25:50","modified_gmt":"2017-06-18T20:25:50","slug":"honeycomb-template","status":"publish","type":"page","link":"https:\/\/ilkerenergy.com\/en\/honeycomb-template\/","title":{"rendered":"Honeycomb Template"},"content":{"rendered":"<p>&nbsp;<\/p>\n<div class=\"page\" title=\"Page 1\"><\/div>\n<p><img loading=\"lazy\" class=\"size-full wp-image-2493 alignleft\" src=\"http:\/\/ilkerenergy.com\/wp-content\/uploads\/Luvo-Petek-Temini-15.png\" alt=\"\" width=\"690\" height=\"580\" srcset=\"https:\/\/ilkerenergy.com\/wp-content\/uploads\/Luvo-Petek-Temini-15.png 690w, https:\/\/ilkerenergy.com\/wp-content\/uploads\/Luvo-Petek-Temini-15-300x252.png 300w\" sizes=\"(max-width: 690px) 100vw, 690px\" \/><\/p>\n<h4 style=\"text-align: left;\"><span style=\"color: #ffffff;\">.<\/span><\/h4>\n<p>&nbsp;<\/p>\n<h4 style=\"text-align: left;\"><span style=\"color: #ffffff;\">.<\/span><\/h4>\n<p>&nbsp;<\/p>\n<p><span style=\"color: #ffffff;\">.<\/span><\/p>\n<p>&nbsp;<\/p>\n<p><span style=\"color: #ffffff;\">.<\/span><\/p>\n<p>&nbsp;<\/p>\n<p>Three-in-One One Big Power UltraGen<\/p>\n<p>Revolutionary new HCP ElementTM<\/p>\n<p>It allows for the first time to optimize performance without causing any loss of elements between the different temperature ranges. HCP ElementTM is a very serious step forward in design.<\/p>\n<p>The groundbreaking, utility-based technology, Flat shallow cold side, offers exceptional cleaning in critical temperature ranges. The zigzag pattern in the foreground removes sloping flow and corner problems on the cold side. The clean flow between the two profiles does not cause any interruption in flow direction or interference. Thanks to the deep and effective blowing process, it always reduces pressure drop and reduces the energy consumption in the fan.<\/p>\n<p>SureCoatTM Plus and SureCoatTM Premium<\/p>\n<p>Enameled Elements<\/p>\n<p>The SureCoat \u2122 enamel coating, for the first time, allows corrosion resistant coatings of high carbon steels like LARC and Korten. We are overcoming barriers for better performance. It means more power and durability, longer product life and less frequent replacement of heating elements. Special enamel, SureCoatTMPlus for mild steel and SureCoatTMPremium for LARC offer proven results. Designed with leading European enamel manufacturers. Extremely clean and durable against blowing damage.<\/p>\n<div class=\"page\" title=\"Page 1\">\n<div class=\"layoutArea\">\n<div class=\"column\">\n<h4>Lbon<\/h4>\n<h4><\/h4>\n<h4><img loading=\"lazy\" class=\" wp-image-2501 alignleft\" src=\"http:\/\/ilkerenergy.com\/wp-content\/uploads\/ultragen_panel_diagram_larger.jpg\" alt=\"\" width=\"412\" height=\"347\" \/>Excellent efficiency with Enerjet \u2122 cleaning systems<\/h4>\n<p>Now it completes the cleaning of the surfaces of HCP ElementTM and SureCoatTM in a perfectly perfect way. With slagging, the battle is moving to a new stage with the incorporation of three technologies.<\/p>\n<p>Advantages of Ultragen<\/p>\n<p>Thanks to the advanced engineering behind the new HCP ElementTM, it is possible to have two different profiles in an element for the first time in the world.<\/p>\n<p>With the new SureCoat \u2122 processing system, we offer soft and larcle steel enamel coating, providing extra strength and durability against corrosion.<\/p>\n<p>The new EnerjetTM system provides powerful and effective cleaning of the vents even when the Luvo \/ Gavo is operating at full load.<\/p>\n<div class=\"page\" title=\"Page 1\"><\/div>\n<\/div>\n<\/div>\n<\/div>\n<table>\n<tbody>\n<tr>\n<td><img loading=\"lazy\" class=\"alignnone wp-image-2487\" src=\"http:\/\/ilkerenergy.com\/wp-content\/uploads\/HESCarousel3.jpg\" alt=\"\" width=\"357\" height=\"305\" srcset=\"https:\/\/ilkerenergy.com\/wp-content\/uploads\/HESCarousel3.jpg 496w, https:\/\/ilkerenergy.com\/wp-content\/uploads\/HESCarousel3-300x256.jpg 300w\" sizes=\"(max-width: 357px) 100vw, 357px\" \/><\/td>\n<td>\u00a0<img loading=\"lazy\" class=\"alignnone size-full wp-image-2495\" src=\"http:\/\/ilkerenergy.com\/wp-content\/uploads\/RES1.jpg\" alt=\"\" width=\"331\" height=\"324\" srcset=\"https:\/\/ilkerenergy.com\/wp-content\/uploads\/RES1.jpg 331w, https:\/\/ilkerenergy.com\/wp-content\/uploads\/RES1-300x294.jpg 300w\" sizes=\"(max-width: 331px) 100vw, 331px\" \/><\/td>\n<td><img loading=\"lazy\" class=\"alignnone wp-image-2499 \" src=\"http:\/\/ilkerenergy.com\/wp-content\/uploads\/SOOTBLOWER-300x229.jpg\" alt=\"\" width=\"331\" height=\"253\" srcset=\"https:\/\/ilkerenergy.com\/wp-content\/uploads\/SOOTBLOWER-300x229.jpg 300w, https:\/\/ilkerenergy.com\/wp-content\/uploads\/SOOTBLOWER-768x586.jpg 768w, https:\/\/ilkerenergy.com\/wp-content\/uploads\/SOOTBLOWER.jpg 786w\" sizes=\"(max-width: 331px) 100vw, 331px\" \/><\/td>\n<\/tr>\n<\/tbody>\n<\/table>\n<div class=\"page\" title=\"Page 1\">\n<div class=\"layoutArea\">\n<div class=\"column\">\n<div class=\"page\" title=\"Page 1\">\n<div class=\"section\">\n<div class=\"layoutArea\">\n<div class=\"column\">\n<div class=\"page\" title=\"Page 1\">\n<div class=\"section\">\n<div class=\"layoutArea\">\n<div class=\"column\">\n<div class=\"page\" title=\"Page 1\">\n<div class=\"section\">\n<div class=\"layoutArea\">\n<div class=\"column\">\n<p><span style=\"color: #ffffff;\">.<\/span><\/p>\n<\/div>\n<\/div>\n<\/div>\n<\/div>\n<\/div>\n<\/div>\n<\/div>\n<\/div>\n<\/div>\n<\/div>\n<\/div>\n<\/div>\n<\/div>\n<\/div>\n<\/div>\n<p><img loading=\"lazy\" class=\" wp-image-2497 alignleft\" src=\"http:\/\/ilkerenergy.com\/wp-content\/uploads\/RES2.jpg\" alt=\"\" width=\"524\" height=\"309\" srcset=\"https:\/\/ilkerenergy.com\/wp-content\/uploads\/RES2.jpg 641w, https:\/\/ilkerenergy.com\/wp-content\/uploads\/RES2-300x177.jpg 300w\" sizes=\"(max-width: 524px) 100vw, 524px\" \/><img loading=\"lazy\" class=\" wp-image-2491 alignleft\" src=\"http:\/\/ilkerenergy.com\/wp-content\/uploads\/KARTAL.jpg\" alt=\"\" width=\"407\" height=\"349\" srcset=\"https:\/\/ilkerenergy.com\/wp-content\/uploads\/KARTAL.jpg 847w, https:\/\/ilkerenergy.com\/wp-content\/uploads\/KARTAL-300x257.jpg 300w, https:\/\/ilkerenergy.com\/wp-content\/uploads\/KARTAL-768x659.jpg 768w\" sizes=\"(max-width: 407px) 100vw, 407px\" \/><\/p>\n<div class=\"page\" title=\"Page 1\"><\/div>\n<div class=\"page\" title=\"Page 1\"><\/div>\n<div class=\"page\" title=\"Page 1\"><\/div>\n<div class=\"page\" title=\"Page 1\"><\/div>\n<div class=\"page\" title=\"Page 1\"><\/div>\n<div class=\"page\" title=\"Page 1\"><\/div>\n<table>\n<tbody>\n<tr>\n<td><iframe loading=\"lazy\" src=\"https:\/\/www.youtube.com\/embed\/8yxuI7YZsVA\" width=\"560\" height=\"315\" frameborder=\"0\" allowfullscreen=\"allowfullscreen\">&amp;amp;amp;amp;amp;lt;\/td&amp;amp;amp;amp;amp;gt;&amp;amp;amp;amp;lt;br \/&amp;amp;amp;amp;gt;&amp;amp;amp;lt;br \/&amp;amp;amp;gt;&amp;amp;lt;br \/&amp;amp;gt;&amp;lt;br \/&amp;gt;&lt;br \/&gt;<br \/>\n&amp;amp;amp;amp;amp;lt;td&amp;amp;amp;amp;amp;gt;<\/iframe><\/td>\n<td><iframe loading=\"lazy\" src=\"https:\/\/www.youtube.com\/embed\/PwngW4iQC2Q\" width=\"560\" height=\"315\" frameborder=\"0\" allowfullscreen=\"allowfullscreen\"><\/iframe><\/td>\n<\/tr>\n<\/tbody>\n<\/table>\n<div id=\"attachment_12407\" style=\"width: 143px\" class=\"wp-caption alignright\"><a href=\"http:\/\/medanis.net\/ilkerenerji\/wp-content\/uploads\/2.B.LUVO-PETEK-TEMI\u0307NI\u0307.pdf\"><img aria-describedby=\"caption-attachment-12407\" loading=\"lazy\" class=\"wp-image-12407\" src=\"http:\/\/medanis.net\/ilkerenerji\/wp-content\/uploads\/Howden-Luvo-Petek-Temini-Katalog-Kapak.png\" alt=\"howden-luvo-petek-temini-katalog-kapak\" width=\"133\" height=\"187\" \/><\/a><p id=\"caption-attachment-12407\" class=\"wp-caption-text\">Katalo\u011fu incelemek i\u00e7in t\u0131klay\u0131n\u0131z.<\/p><\/div>\n","protected":false},"excerpt":{"rendered":"<p>&nbsp; . &nbsp; . &nbsp; . &nbsp; . &nbsp; Three-in-One One Big Power UltraGen Revolutionary new HCP ElementTM It allows for the first time to optimize performance without causing any loss of elements between the different temperature ranges. HCP ElementTM is a very serious step forward in design. The groundbreaking, utility-based technology, Flat shallow cold side, offers exceptional cleaning in critical temperature ranges. The zigzag pattern in the foreground removes sloping flow and corner problems on the cold side. The clean flow between the two profiles does not cause any [&hellip;]<\/p>\n","protected":false},"author":1,"featured_media":0,"parent":0,"menu_order":0,"comment_status":"closed","ping_status":"closed","template":"","meta":{"_links_to":"","_links_to_target":""},"_links":{"self":[{"href":"https:\/\/ilkerenergy.com\/en\/wp-json\/wp\/v2\/pages\/1920"}],"collection":[{"href":"https:\/\/ilkerenergy.com\/en\/wp-json\/wp\/v2\/pages"}],"about":[{"href":"https:\/\/ilkerenergy.com\/en\/wp-json\/wp\/v2\/types\/page"}],"author":[{"embeddable":true,"href":"https:\/\/ilkerenergy.com\/en\/wp-json\/wp\/v2\/users\/1"}],"replies":[{"embeddable":true,"href":"https:\/\/ilkerenergy.com\/en\/wp-json\/wp\/v2\/comments?post=1920"}],"version-history":[{"count":3,"href":"https:\/\/ilkerenergy.com\/en\/wp-json\/wp\/v2\/pages\/1920\/revisions"}],"predecessor-version":[{"id":2898,"href":"https:\/\/ilkerenergy.com\/en\/wp-json\/wp\/v2\/pages\/1920\/revisions\/2898"}],"wp:attachment":[{"href":"https:\/\/ilkerenergy.com\/en\/wp-json\/wp\/v2\/media?parent=1920"}],"curies":[{"name":"wp","href":"https:\/\/api.w.org\/{rel}","templated":true}]}}