{"id":1470,"date":"2017-06-11T19:11:06","date_gmt":"2017-06-11T16:11:06","guid":{"rendered":"http:\/\/ilkerenergy.com\/en\/?page_id=1470"},"modified":"2017-06-11T19:11:06","modified_gmt":"2017-06-11T16:11:06","slug":"retrofit-studies","status":"publish","type":"page","link":"https:\/\/ilkerenergy.com\/en\/retrofit-studies\/","title":{"rendered":"Retrofit Studies"},"content":{"rendered":"<table style=\"width: 100%;\">\n<tbody>\n<tr>\n<td><img loading=\"lazy\" class=\"alignleft wp-image-1411 \" src=\"http:\/\/ilkerenergy.com\/wp-content\/uploads\/TERSI\u0307NE-MU\u0308HENDI\u0307SLI\u0307K-3-262x466_432x768-169x300.jpg\" alt=\"\" width=\"185\" height=\"328\" srcset=\"https:\/\/ilkerenergy.com\/wp-content\/uploads\/TERSI\u0307NE-MU\u0308HENDI\u0307SLI\u0307K-3-262x466_432x768-169x300.jpg 169w, https:\/\/ilkerenergy.com\/wp-content\/uploads\/TERSI\u0307NE-MU\u0308HENDI\u0307SLI\u0307K-3-262x466_432x768.jpg 432w\" sizes=\"(max-width: 185px) 100vw, 185px\" \/><\/td>\n<td>Retrofit<\/p>\n<p>By making the equipment in our business more efficient and modern, we We are always working as our manufacturer supplier and \u0130lker Enerji team to replace with equipment.<\/p>\n<p><span style=\"font-family: inherit; font-size: inherit;\">a \u00e7al\u0131\u015fmaktay\u0131z.<\/span><\/p>\n<p>&nbsp;<\/p>\n<p><img loading=\"lazy\" class=\"alignleft wp-image-1413 \" src=\"http:\/\/ilkerenergy.com\/wp-content\/uploads\/3D-MODELLEME-1-300x187.jpg\" alt=\"\" width=\"328\" height=\"205\" srcset=\"https:\/\/ilkerenergy.com\/wp-content\/uploads\/3D-MODELLEME-1-300x187.jpg 300w, https:\/\/ilkerenergy.com\/wp-content\/uploads\/3D-MODELLEME-1-768x478.jpg 768w, https:\/\/ilkerenergy.com\/wp-content\/uploads\/3D-MODELLEME-1-1024x637.jpg 1024w, https:\/\/ilkerenergy.com\/wp-content\/uploads\/3D-MODELLEME-1-805x503.jpg 805w, https:\/\/ilkerenergy.com\/wp-content\/uploads\/3D-MODELLEME-1.jpg 1439w\" sizes=\"(max-width: 328px) 100vw, 328px\" \/><img loading=\"lazy\" class=\"alignleft wp-image-1415 \" src=\"http:\/\/ilkerenergy.com\/wp-content\/uploads\/3D-MODELLEME-2-300x138.jpg\" alt=\"\" width=\"443\" height=\"204\" srcset=\"https:\/\/ilkerenergy.com\/wp-content\/uploads\/3D-MODELLEME-2-300x138.jpg 300w, https:\/\/ilkerenergy.com\/wp-content\/uploads\/3D-MODELLEME-2-768x352.jpg 768w, https:\/\/ilkerenergy.com\/wp-content\/uploads\/3D-MODELLEME-2-1024x470.jpg 1024w, https:\/\/ilkerenergy.com\/wp-content\/uploads\/3D-MODELLEME-2.jpg 1241w\" sizes=\"(max-width: 443px) 100vw, 443px\" \/><\/td>\n<\/tr>\n<\/tbody>\n<\/table>\n<p>&nbsp;<\/p>\n\n\t\t<style type=\"text\/css\">\n\t\t\t#gallery-1 {\n\t\t\t\tmargin: auto;\n\t\t\t}\n\t\t\t#gallery-1 .gallery-item {\n\t\t\t\tfloat: left;\n\t\t\t\tmargin-top: 10px;\n\t\t\t\ttext-align: center;\n\t\t\t\twidth: 20%;\n\t\t\t}\n\t\t\t#gallery-1 img {\n\t\t\t\tborder: 2px solid #cfcfcf;\n\t\t\t}\n\t\t\t#gallery-1 .gallery-caption {\n\t\t\t\tmargin-left: 0;\n\t\t\t}\n\t\t\t\/* see gallery_shortcode() in wp-includes\/media.php *\/\n\t\t<\/style>\n\t\t<div id='gallery-1' class='gallery galleryid-1470 gallery-columns-5 gallery-size-thumbnail'><dl class='gallery-item'>\n\t\t\t<dt class='gallery-icon landscape'>\n\t\t\t\t<a href='https:\/\/ilkerenergy.com\/en\/retrofit-studies\/tersi%cc%87ne-mu%cc%88hendi%cc%87sli%cc%87k-2_1024x575-2\/'><img width=\"96\" height=\"96\" src=\"https:\/\/ilkerenergy.com\/wp-content\/uploads\/TERSI\u0307NE-MU\u0308HENDI\u0307SLI\u0307K-2_1024x575-150x150.jpg\" class=\"attachment-thumbnail size-thumbnail\" alt=\"\" loading=\"lazy\" \/><\/a>\n\t\t\t<\/dt><\/dl><dl class='gallery-item'>\n\t\t\t<dt class='gallery-icon landscape'>\n\t\t\t\t<a href='https:\/\/ilkerenergy.com\/en\/retrofit-studies\/tersi%cc%87ne-mu%cc%88hendi%cc%87sli%cc%87k-1_1024x575-2\/'><img width=\"96\" height=\"96\" src=\"https:\/\/ilkerenergy.com\/wp-content\/uploads\/TERSI\u0307NE-MU\u0308HENDI\u0307SLI\u0307K-1_1024x575-150x150.jpg\" class=\"attachment-thumbnail size-thumbnail\" alt=\"\" loading=\"lazy\" \/><\/a>\n\t\t\t<\/dt><\/dl><dl class='gallery-item'>\n\t\t\t<dt class='gallery-icon landscape'>\n\t\t\t\t<a href='https:\/\/ilkerenergy.com\/en\/retrofit-studies\/res6-4_1024x768-2\/'><img width=\"96\" height=\"96\" src=\"https:\/\/ilkerenergy.com\/wp-content\/uploads\/RES6-4_1024x768-150x150.jpg\" class=\"attachment-thumbnail size-thumbnail\" alt=\"\" loading=\"lazy\" \/><\/a>\n\t\t\t<\/dt><\/dl><dl class='gallery-item'>\n\t\t\t<dt class='gallery-icon landscape'>\n\t\t\t\t<a href='https:\/\/ilkerenergy.com\/en\/retrofit-studies\/res5-5_1024x768-2\/'><img width=\"96\" height=\"96\" src=\"https:\/\/ilkerenergy.com\/wp-content\/uploads\/RES5-5_1024x768-150x150.jpg\" class=\"attachment-thumbnail size-thumbnail\" alt=\"\" loading=\"lazy\" \/><\/a>\n\t\t\t<\/dt><\/dl><dl class='gallery-item'>\n\t\t\t<dt class='gallery-icon landscape'>\n\t\t\t\t<a href='https:\/\/ilkerenergy.com\/en\/retrofit-studies\/res4-7_1024x768-2\/'><img width=\"96\" height=\"96\" src=\"https:\/\/ilkerenergy.com\/wp-content\/uploads\/RES4-7_1024x768-150x150.jpg\" class=\"attachment-thumbnail size-thumbnail\" alt=\"\" loading=\"lazy\" \/><\/a>\n\t\t\t<\/dt><\/dl><br style=\"clear: both\" \/><dl class='gallery-item'>\n\t\t\t<dt class='gallery-icon landscape'>\n\t\t\t\t<a href='https:\/\/ilkerenergy.com\/en\/retrofit-studies\/res3-8_1024x577-2\/'><img width=\"96\" height=\"96\" src=\"https:\/\/ilkerenergy.com\/wp-content\/uploads\/RES3-8_1024x577-150x150.jpg\" class=\"attachment-thumbnail size-thumbnail\" alt=\"\" loading=\"lazy\" \/><\/a>\n\t\t\t<\/dt><\/dl><dl class='gallery-item'>\n\t\t\t<dt class='gallery-icon landscape'>\n\t\t\t\t<a href='https:\/\/ilkerenergy.com\/en\/retrofit-studies\/res2-10_1024x768-2\/'><img width=\"96\" height=\"96\" src=\"https:\/\/ilkerenergy.com\/wp-content\/uploads\/RES2-10_1024x768-150x150.jpg\" class=\"attachment-thumbnail size-thumbnail\" alt=\"\" loading=\"lazy\" \/><\/a>\n\t\t\t<\/dt><\/dl><dl class='gallery-item'>\n\t\t\t<dt class='gallery-icon landscape'>\n\t\t\t\t<a href='https:\/\/ilkerenergy.com\/en\/retrofit-studies\/res1-10_1024x768-2\/'><img width=\"96\" height=\"96\" src=\"https:\/\/ilkerenergy.com\/wp-content\/uploads\/RES1-10_1024x768-150x150.jpg\" class=\"attachment-thumbnail size-thumbnail\" alt=\"\" loading=\"lazy\" \/><\/a>\n\t\t\t<\/dt><\/dl>\n\t\t\t<br style='clear: both' \/>\n\t\t<\/div>\n\n","protected":false},"excerpt":{"rendered":"<p>Retrofit By making the equipment in our business more efficient and modern, we We are always working as our manufacturer supplier and \u0130lker Enerji team to replace with equipment. a \u00e7al\u0131\u015fmaktay\u0131z. &nbsp; &nbsp;<\/p>\n","protected":false},"author":1,"featured_media":0,"parent":0,"menu_order":0,"comment_status":"closed","ping_status":"closed","template":"","meta":{"_links_to":"","_links_to_target":""},"_links":{"self":[{"href":"https:\/\/ilkerenergy.com\/en\/wp-json\/wp\/v2\/pages\/1470"}],"collection":[{"href":"https:\/\/ilkerenergy.com\/en\/wp-json\/wp\/v2\/pages"}],"about":[{"href":"https:\/\/ilkerenergy.com\/en\/wp-json\/wp\/v2\/types\/page"}],"author":[{"embeddable":true,"href":"https:\/\/ilkerenergy.com\/en\/wp-json\/wp\/v2\/users\/1"}],"replies":[{"embeddable":true,"href":"https:\/\/ilkerenergy.com\/en\/wp-json\/wp\/v2\/comments?post=1470"}],"version-history":[{"count":2,"href":"https:\/\/ilkerenergy.com\/en\/wp-json\/wp\/v2\/pages\/1470\/revisions"}],"predecessor-version":[{"id":3905,"href":"https:\/\/ilkerenergy.com\/en\/wp-json\/wp\/v2\/pages\/1470\/revisions\/3905"}],"wp:attachment":[{"href":"https:\/\/ilkerenergy.com\/en\/wp-json\/wp\/v2\/media?parent=1470"}],"curies":[{"name":"wp","href":"https:\/\/api.w.org\/{rel}","templated":true}]}}