{"id":1352,"date":"2017-06-11T18:26:30","date_gmt":"2017-06-11T15:26:30","guid":{"rendered":"http:\/\/ilkerenergy.com\/en\/?page_id=1352"},"modified":"2017-08-24T17:23:48","modified_gmt":"2017-08-24T14:23:48","slug":"about-us","status":"publish","type":"page","link":"https:\/\/ilkerenergy.com\/en\/about-us\/","title":{"rendered":"About Us"},"content":{"rendered":"<p>\u0130lker enerji is one of the most respected energy companies in Turkey with its over 25 years experience.So far (until today) \u0130lker Enerji has supplied new equipments, spare parts and technical service for both goverment&#8217; s (E\u00dcA\u015e) and private sectors&#8217; energy plants. Also \u0130lker enerji supplied wide range of rehabilitation and turn-key projects for a lot of thermal power plants.<\/p>\n","protected":false},"excerpt":{"rendered":"<p>\u0130lker enerji is one of the most respected energy companies in Turkey with its over 25 years experience.So far (until today) \u0130lker Enerji has supplied new equipments, spare parts and technical service for both goverment&#8217; s (E\u00dcA\u015e) and private sectors&#8217; energy plants. Also \u0130lker enerji supplied wide range of rehabilitation and turn-key projects for a lot of thermal power plants.<\/p>\n","protected":false},"author":1,"featured_media":0,"parent":0,"menu_order":0,"comment_status":"closed","ping_status":"closed","template":"","meta":{"_links_to":"","_links_to_target":""},"_links":{"self":[{"href":"https:\/\/ilkerenergy.com\/en\/wp-json\/wp\/v2\/pages\/1352"}],"collection":[{"href":"https:\/\/ilkerenergy.com\/en\/wp-json\/wp\/v2\/pages"}],"about":[{"href":"https:\/\/ilkerenergy.com\/en\/wp-json\/wp\/v2\/types\/page"}],"author":[{"embeddable":true,"href":"https:\/\/ilkerenergy.com\/en\/wp-json\/wp\/v2\/users\/1"}],"replies":[{"embeddable":true,"href":"https:\/\/ilkerenergy.com\/en\/wp-json\/wp\/v2\/comments?post=1352"}],"version-history":[{"count":3,"href":"https:\/\/ilkerenergy.com\/en\/wp-json\/wp\/v2\/pages\/1352\/revisions"}],"predecessor-version":[{"id":3267,"href":"https:\/\/ilkerenergy.com\/en\/wp-json\/wp\/v2\/pages\/1352\/revisions\/3267"}],"wp:attachment":[{"href":"https:\/\/ilkerenergy.com\/en\/wp-json\/wp\/v2\/media?parent=1352"}],"curies":[{"name":"wp","href":"https:\/\/api.w.org\/{rel}","templated":true}]}}